{"id":232,"date":"2025-11-06T21:08:17","date_gmt":"2025-11-06T21:08:17","guid":{"rendered":"https:\/\/william-lambert.com\/?page_id=232"},"modified":"2025-11-13T13:29:53","modified_gmt":"2025-11-13T13:29:53","slug":"evenements","status":"publish","type":"page","link":"https:\/\/william-lambert.com\/?page_id=232","title":{"rendered":"Ev\u00e8nements"},"content":{"rendered":"\n<p style=\"font-size:clamp(0.875rem, 0.875rem + ((1vw - 0.2rem) * 0.227), 1rem);\">\u201cWilliam Lambert aime le th\u00e9\u00e2tre, les arts de la sc\u00e8ne. Bien qu\u2019il passe le plus clair de son temps dans l\u2019obscurit\u00e9 des salles de spectacles, l\u2019\u00e9clairagiste con\u00e7oit des sc\u00e9nographies lumi\u00e8res. William Lambert se passionne pour le premier des arts majeurs, l\u2019architecture. On s\u2019arr\u00eate rarement pour regarder un b\u00e2timent, pour l\u2019admirer. Souvent, on en attend qu\u2019il soit reconnaissable du premier coup, que l\u2019on sache de quoi, de qui il s\u2019agit sans avoir besoin d\u2019y regarder \u00e0 deux fois. C\u2019est avec po\u00e9sie et cr\u00e9ativit\u00e9 que William Lambert a propos\u00e9 de faire sortir les b\u00e2timents du TLH \u2013 Sierre de leur passivit\u00e9 pour devenir l\u2019un des acteurs de la nuit sierroise. Au moyen de la lumi\u00e8re, qui sera plac\u00e9e sur les ar\u00eates du b\u00e2timent,\u2028le rendant visible dans sa puret\u00e9 et sa simplicit\u00e9, William Lambert compte non seulement faire du th\u00e9\u00e2tre un symbole reconnaissable dans le noir, un b\u00e2timent qu\u2019il suffit d\u2019entrevoir pour le reconna\u00eetre, mais \u00e9galement en montrer les diff\u00e9rentes facettes, utiliser la lumi\u00e8re comme pour accueillir les visiteurs, pour cr\u00e9er un chemin. Cette lumi\u00e8re fera donc partie int\u00e9grante du th\u00e9\u00e2tre lui-m\u00eame, actrice sur la sc\u00e8ne ext\u00e9rieure, narratrice, voix-off . Un lien direct entre l\u2019apparence externe des b\u00e2timents et ce qu\u2019ils enferment.<\/p>\n\n\n\n<p style=\"font-size:clamp(0.875rem, 0.875rem + ((1vw - 0.2rem) * 0.227), 1rem);\">La r\u00e9sidence de William Lambert se construira au fil des trois prochaines saisons, pas apr\u00e8s pas, il r\u00e9alisera avec l\u2019\u00e9quipe technique du TLH \u2013 Sierre et de nombreux habitants valaisans, un objet artistique qui se fondera dans le paysage nocturne sierrois, comme si ce th\u00e9\u00e2tre pouvait veiller sur nos nuits. \u201c<\/p>\n\n\n\n<p style=\"font-size:clamp(0.875rem, 0.875rem + ((1vw - 0.2rem) * 0.227), 1rem);\"><em>Extrait du programme du Th\u00e9\u00e2tre Les Halles-Sierre (Suisse) pour la mise en lumi\u00e8re du b\u00e2timent<\/em><\/p>\n\n\n\n<figure class=\"wp-block-image size-large\"><a href=\"https:\/\/william-lambert.com\/wp-content\/uploads\/2025\/11\/william-lambert_Alcolea_07.png\" target=\"_blank\" rel=\" noreferrer noopener\"><img loading=\"lazy\" decoding=\"async\" width=\"1024\" height=\"640\" src=\"https:\/\/william-lambert.com\/wp-content\/uploads\/2025\/11\/william-lambert_Alcolea_07-1024x640.png\" alt=\"\" class=\"wp-image-259\" srcset=\"https:\/\/william-lambert.com\/wp-content\/uploads\/2025\/11\/william-lambert_Alcolea_07-1024x640.png 1024w, https:\/\/william-lambert.com\/wp-content\/uploads\/2025\/11\/william-lambert_Alcolea_07-300x188.png 300w, https:\/\/william-lambert.com\/wp-content\/uploads\/2025\/11\/william-lambert_Alcolea_07-768x480.png 768w, https:\/\/william-lambert.com\/wp-content\/uploads\/2025\/11\/william-lambert_Alcolea_07.png 1440w\" sizes=\"auto, (max-width: 1024px) 100vw, 1024px\" \/><\/a><\/figure>\n\n\n\n<p><strong><u>Mise en valeur du patrimoine par la lumi\u00e8re<\/u><\/strong><strong> <\/strong><strong>:<\/strong><\/p>\n\n\n\n<p style=\"line-height:1\"><strong>Mise en lumi\u00e8re p\u00e9renne<\/strong><\/p>\n\n\n\n<p style=\"line-height:0.8\">&#8211; Th\u00e9\u00e2tre Les Halles-Sierre (2021)- Projet participatif avec les habitants du Valais.<\/p>\n\n\n\n<p style=\"line-height:0.8\">&#8211; Nouveau Th\u00e9\u00e2tre de Montreuil-int\u00e9rieur et ext\u00e9rieur (2018)<\/p>\n\n\n\n<p style=\"line-height:1\"><strong>Festival<\/strong><strong> <\/strong><strong>Nuits Romanes<\/strong><\/p>\n\n\n\n<p style=\"line-height:0.8\">&#8211; Aubeterre sur Drone-Eglise Troglodyte (Charente-2011)<\/p>\n\n\n\n<p style=\"line-height:0.8\">&#8211; Saint-Maurice-la-Clou\u00e8re-Eglise (Vienne- 2012)<\/p>\n\n\n\n<p style=\"line-height:0.8\">&#8211; Tourtenay-Eglise Saint Pierre de Tourtenay (Deux-S\u00e8vres-2012)<\/p>\n\n\n\n<p style=\"line-height:0.8\">&#8211; Bonneuil Matour-Eglise Saint Pierre (Vienne-2013)<\/p>\n\n\n\n<p style=\"line-height:0.8\">&#8211; Charroux-Tour Charlemagne (Vienne-2013)<\/p>\n\n\n\n<p style=\"line-height:0.8\">&#8211; Echir\u00e9-Eglise Notre Dame (Deux-S\u00e8vres-2013)<\/p>\n\n\n\n<p style=\"line-height:1\"><strong>Nuits du Patrimoine<\/strong><\/p>\n\n\n\n<p style=\"line-height:0.8\">&#8211; Alloue-Maison Maria Casar\u00e8s (Charente-2011-2012-2013)<\/p>\n\n\n\n<p style=\"line-height:0.8\">&#8211; Village de Montmorillon (Vienne-2013)<\/p>\n\n\n\n<p style=\"line-height:0.8\">&#8211; Ch\u00e2teau de Saint Germain de Confolens (Charente-2012)<\/p>\n\n\n\n<p style=\"line-height:1\"><strong>Mise en &nbsp;lumi\u00e8re interactive<\/strong><\/p>\n\n\n\n<p style=\"line-height:1\">&#8211; Fa\u00e7ades du Th\u00e9\u00e2tre Auditorium de Poitiers-Sc\u00e8ne nationale (T.A.P) \u00e0 l\u2019occasion de son ouverture (2008).<\/p>\n\n\n\n<p style=\"line-height:1\">&#8211; Mise en lumi\u00e8re du Logis du R\u00e9tail de Secondigny (Deux-S\u00e8vres-2006)<\/p>\n\n\n\n<p style=\"line-height:1\">&#8211; Mise en lumi\u00e8re de nombreux Village en Poitou-Charentes dans le cadre de l\u2019op\u00e9ration Printemps-Chapiteau (CDR de Poitiers-2000 \u00e0 2010)<\/p>\n\n\n\n<p style=\"line-height:1\">&#8211; Mise en lumi\u00e8re de la cour du Lyc\u00e9e Pasteur-Festival d\u2019Avignon<\/p>\n\n\n\n<p style=\"line-height:1\"><strong>1% Artistique<\/strong><\/p>\n\n\n\n<p style=\"line-height:1\">&#8211; R\u00e9alisation d\u2019une commande pour le Centre National des Arts du Cirque de Ch\u00e2lons en Champagne (2012)- Projet finaliste, non retenu.<\/p>\n\n\n\n<figure class=\"wp-block-image size-large\"><a href=\"https:\/\/william-lambert.com\/wp-content\/uploads\/2025\/11\/william-lambert_Alcolea_04.jpg\" target=\"_blank\" rel=\" noreferrer noopener\"><img loading=\"lazy\" decoding=\"async\" width=\"1024\" height=\"640\" src=\"https:\/\/william-lambert.com\/wp-content\/uploads\/2025\/11\/william-lambert_Alcolea_04-1024x640.jpg\" alt=\"\" class=\"wp-image-256\" srcset=\"https:\/\/william-lambert.com\/wp-content\/uploads\/2025\/11\/william-lambert_Alcolea_04-1024x640.jpg 1024w, https:\/\/william-lambert.com\/wp-content\/uploads\/2025\/11\/william-lambert_Alcolea_04-300x188.jpg 300w, https:\/\/william-lambert.com\/wp-content\/uploads\/2025\/11\/william-lambert_Alcolea_04-768x480.jpg 768w, https:\/\/william-lambert.com\/wp-content\/uploads\/2025\/11\/william-lambert_Alcolea_04.jpg 1440w\" sizes=\"auto, (max-width: 1024px) 100vw, 1024px\" \/><\/a><\/figure>\n\n\n\n<figure class=\"wp-block-image size-large\"><a href=\"https:\/\/william-lambert.com\/wp-content\/uploads\/2025\/11\/william-lambert_Alcolea_01.jpg\" target=\"_blank\" rel=\" noreferrer noopener\"><img loading=\"lazy\" decoding=\"async\" width=\"1024\" height=\"640\" src=\"https:\/\/william-lambert.com\/wp-content\/uploads\/2025\/11\/william-lambert_Alcolea_01-1024x640.jpg\" alt=\"\" class=\"wp-image-253\" srcset=\"https:\/\/william-lambert.com\/wp-content\/uploads\/2025\/11\/william-lambert_Alcolea_01-1024x640.jpg 1024w, https:\/\/william-lambert.com\/wp-content\/uploads\/2025\/11\/william-lambert_Alcolea_01-300x188.jpg 300w, https:\/\/william-lambert.com\/wp-content\/uploads\/2025\/11\/william-lambert_Alcolea_01-768x480.jpg 768w, https:\/\/william-lambert.com\/wp-content\/uploads\/2025\/11\/william-lambert_Alcolea_01.jpg 1440w\" sizes=\"auto, (max-width: 1024px) 100vw, 1024px\" \/><\/a><\/figure>\n\n\n\n<figure class=\"wp-block-image size-large\"><a href=\"https:\/\/william-lambert.com\/wp-content\/uploads\/2025\/11\/william-lambert_Traces-du-futur_02.jpg\" target=\"_blank\" rel=\" noreferrer noopener\"><img loading=\"lazy\" decoding=\"async\" width=\"1024\" height=\"640\" src=\"https:\/\/william-lambert.com\/wp-content\/uploads\/2025\/11\/william-lambert_Traces-du-futur_02-1024x640.jpg\" alt=\"\" class=\"wp-image-247\" srcset=\"https:\/\/william-lambert.com\/wp-content\/uploads\/2025\/11\/william-lambert_Traces-du-futur_02-1024x640.jpg 1024w, https:\/\/william-lambert.com\/wp-content\/uploads\/2025\/11\/william-lambert_Traces-du-futur_02-300x188.jpg 300w, https:\/\/william-lambert.com\/wp-content\/uploads\/2025\/11\/william-lambert_Traces-du-futur_02-768x480.jpg 768w, https:\/\/william-lambert.com\/wp-content\/uploads\/2025\/11\/william-lambert_Traces-du-futur_02.jpg 1440w\" sizes=\"auto, (max-width: 1024px) 100vw, 1024px\" \/><\/a><\/figure>\n\n\n\n<figure class=\"wp-block-image size-large\"><a href=\"https:\/\/william-lambert.com\/wp-content\/uploads\/2025\/11\/william-lambert_Traces-du-futur_04.png\" target=\"_blank\" rel=\" noreferrer noopener\"><img loading=\"lazy\" decoding=\"async\" width=\"1024\" height=\"640\" src=\"https:\/\/william-lambert.com\/wp-content\/uploads\/2025\/11\/william-lambert_Traces-du-futur_04-1024x640.png\" alt=\"\" class=\"wp-image-249\" srcset=\"https:\/\/william-lambert.com\/wp-content\/uploads\/2025\/11\/william-lambert_Traces-du-futur_04-1024x640.png 1024w, https:\/\/william-lambert.com\/wp-content\/uploads\/2025\/11\/william-lambert_Traces-du-futur_04-300x188.png 300w, https:\/\/william-lambert.com\/wp-content\/uploads\/2025\/11\/william-lambert_Traces-du-futur_04-768x480.png 768w, https:\/\/william-lambert.com\/wp-content\/uploads\/2025\/11\/william-lambert_Traces-du-futur_04.png 1440w\" sizes=\"auto, (max-width: 1024px) 100vw, 1024px\" \/><\/a><\/figure>\n\n\n\n<figure class=\"wp-block-image size-large\"><a href=\"https:\/\/william-lambert.com\/wp-content\/uploads\/2025\/11\/william-lambert_Traces-du-futur_05.png\" target=\"_blank\" rel=\" noreferrer noopener\"><img loading=\"lazy\" decoding=\"async\" width=\"1024\" height=\"640\" src=\"https:\/\/william-lambert.com\/wp-content\/uploads\/2025\/11\/william-lambert_Traces-du-futur_05-1024x640.png\" alt=\"\" class=\"wp-image-250\" srcset=\"https:\/\/william-lambert.com\/wp-content\/uploads\/2025\/11\/william-lambert_Traces-du-futur_05-1024x640.png 1024w, https:\/\/william-lambert.com\/wp-content\/uploads\/2025\/11\/william-lambert_Traces-du-futur_05-300x188.png 300w, https:\/\/william-lambert.com\/wp-content\/uploads\/2025\/11\/william-lambert_Traces-du-futur_05-768x480.png 768w, https:\/\/william-lambert.com\/wp-content\/uploads\/2025\/11\/william-lambert_Traces-du-futur_05.png 1440w\" sizes=\"auto, (max-width: 1024px) 100vw, 1024px\" \/><\/a><\/figure>\n","protected":false},"excerpt":{"rendered":"<p>\u201cWilliam Lambert aime le th\u00e9\u00e2tre, les arts de la sc\u00e8ne. Bien qu\u2019il passe le plus clair de son temps dans l\u2019obscurit\u00e9 des salles de spectacles, l\u2019\u00e9clairagiste con\u00e7oit des sc\u00e9nographies lumi\u00e8res. William Lambert se passionne pour le premier des arts majeurs, l\u2019architecture. On s\u2019arr\u00eate rarement pour regarder un b\u00e2timent, pour l\u2019admirer. Souvent, on en attend qu\u2019il [&hellip;]<\/p>\n","protected":false},"author":1,"featured_media":255,"parent":29,"menu_order":0,"comment_status":"closed","ping_status":"closed","template":"","meta":{"footnotes":""},"class_list":["post-232","page","type-page","status-publish","has-post-thumbnail","hentry"],"_links":{"self":[{"href":"https:\/\/william-lambert.com\/index.php?rest_route=\/wp\/v2\/pages\/232","targetHints":{"allow":["GET"]}}],"collection":[{"href":"https:\/\/william-lambert.com\/index.php?rest_route=\/wp\/v2\/pages"}],"about":[{"href":"https:\/\/william-lambert.com\/index.php?rest_route=\/wp\/v2\/types\/page"}],"author":[{"embeddable":true,"href":"https:\/\/william-lambert.com\/index.php?rest_route=\/wp\/v2\/users\/1"}],"replies":[{"embeddable":true,"href":"https:\/\/william-lambert.com\/index.php?rest_route=%2Fwp%2Fv2%2Fcomments&post=232"}],"version-history":[{"count":7,"href":"https:\/\/william-lambert.com\/index.php?rest_route=\/wp\/v2\/pages\/232\/revisions"}],"predecessor-version":[{"id":564,"href":"https:\/\/william-lambert.com\/index.php?rest_route=\/wp\/v2\/pages\/232\/revisions\/564"}],"up":[{"embeddable":true,"href":"https:\/\/william-lambert.com\/index.php?rest_route=\/wp\/v2\/pages\/29"}],"wp:featuredmedia":[{"embeddable":true,"href":"https:\/\/william-lambert.com\/index.php?rest_route=\/wp\/v2\/media\/255"}],"wp:attachment":[{"href":"https:\/\/william-lambert.com\/index.php?rest_route=%2Fwp%2Fv2%2Fmedia&parent=232"}],"curies":[{"name":"wp","href":"https:\/\/api.w.org\/{rel}","templated":true}]}}