{"id":226,"date":"2025-11-06T16:53:15","date_gmt":"2025-11-06T16:53:15","guid":{"rendered":"https:\/\/william-lambert.com\/?page_id=226"},"modified":"2025-11-14T16:12:13","modified_gmt":"2025-11-14T16:12:13","slug":"parcours","status":"publish","type":"page","link":"https:\/\/william-lambert.com\/?page_id=226","title":{"rendered":"Parcours"},"content":{"rendered":"\n<p>En 1990, William Lambert rencontre Jacques Fornier au D.U.M.S.T de Besan\u00e7on, Andr\u00e9 Diot qu&rsquo;il accompagne sur plusieurs spectacles, Jean-Luc Lagarce avec qui il suit des ateliers et participe \u00e0 la cr\u00e9ation de Histoire d&rsquo;amour (derniers chapitres), &#8230;<\/p>\n\n\n\n<p>Il poursuit un travail de cr\u00e9ation lumi\u00e8re , depuis sa sortie du T.N.S en 1994 aupr\u00e8s de metteur.res en sc\u00e8ne, chor\u00e9graphes et musicien.nes tels que Claire Lasne-Darcueil, Lionel Spycher, Jacques Rebotier, Michel Dydim, Alain Maratrat, Fran\u00e7ois Marin, Caroline Marcad\u00e9, Alexandre Doublet, Marilyne Lagrafeuil, Gilbert Deflo\u00eb,Dominique Richard, Charl\u00e8ne Martin, Agn\u00e8s Bourgeois, Jean-Pierre Seyvos, Diane Muller, Val\u00e9rian Guillaume ou Mathieu Bauer. Ses cr\u00e9ations ont \u00e9t\u00e9 pr\u00e9sent\u00e9es dans de nombreux lieux : Th\u00e9\u00e2tre National de la Cri\u00e9e (Marseille), Th\u00e9\u00e2tre Vidy-Lausanne, TAP Poitiers, Th\u00e9\u00e2tre du Rond-Point (Paris), Clo\u00eetre des Carmes (Festival d\u2019Avignon, In), Th\u00e9\u00e2tre de l\u2019Ath\u00e9n\u00e9e-Louis Jouvet, Op\u00e9ra de Montpellier, Com\u00e9die de Gen\u00e8ve, Centre dramatique de Reims, Besan\u00e7on, Sartrouville, Montreuil ou encore \u00e0 l\u2019Op\u00e9ra de Rennes, Nantes et Angers&#8230;<\/p>\n\n\n\n<p>En parall\u00e8le du spectacle vivant, il \u00e9claire, en compagnie de Lionel Spycher, des expositions, notamment pour le Festival d\u2019Automne \u00e0 Paris et les Beaux-Arts de Paris.<\/p>\n\n\n\n<p>Engag\u00e9 dans la transmission, il intervient r\u00e9guli\u00e8rement aupr\u00e8s de plusieurs \u00e9coles et institutions de formation artistique.<\/p>\n\n\n\n<p>Tr\u00e9sorier et r\u00e9f\u00e9rent transition LED (aupr\u00e8s de la DGCA) pour l\u2019Union des Sc\u00e9nographes, il participe activement aux r\u00e9flexions sur l\u2019\u00e9coresponsabilit\u00e9 et la modernisation des pratiques techniques dans le spectacle vivant. Il est \u00e9galement partenaire professionnel de La Rookerie.<\/p>\n\n\n\n<p>Parall\u00e8lement \u00e0 son activit\u00e9 de cr\u00e9ation lumi\u00e8re, il est \u00e9galement r\u00e9gisseur g\u00e9n\u00e9ral et directeur technique pour diff\u00e9rents centres dramatiques et compagnies.<\/p>\n\n\n\n<p>Derni\u00e8rement, il a accompagn\u00e9 la construction du M\u00e9ta UP (CDN Poitiers Nouvelle Aquitaine).ERP de 3 \u00e8me cat\u00e9gorie (Type L et N) dont l&rsquo;ouverture a eu lieu le 6 octobre 2025.<\/p>\n","protected":false},"excerpt":{"rendered":"<p>En 1990, William Lambert rencontre Jacques Fornier au D.U.M.S.T de Besan\u00e7on, Andr\u00e9 Diot qu&rsquo;il accompagne sur plusieurs spectacles, Jean-Luc Lagarce avec qui il suit des ateliers et participe \u00e0 la cr\u00e9ation de Histoire d&rsquo;amour (derniers chapitres), &#8230; Il poursuit un travail de cr\u00e9ation lumi\u00e8re , depuis sa sortie du T.N.S en 1994 aupr\u00e8s de metteur.res [&hellip;]<\/p>\n","protected":false},"author":1,"featured_media":260,"parent":17,"menu_order":0,"comment_status":"closed","ping_status":"closed","template":"","meta":{"footnotes":""},"class_list":["post-226","page","type-page","status-publish","has-post-thumbnail","hentry"],"_links":{"self":[{"href":"https:\/\/william-lambert.com\/index.php?rest_route=\/wp\/v2\/pages\/226","targetHints":{"allow":["GET"]}}],"collection":[{"href":"https:\/\/william-lambert.com\/index.php?rest_route=\/wp\/v2\/pages"}],"about":[{"href":"https:\/\/william-lambert.com\/index.php?rest_route=\/wp\/v2\/types\/page"}],"author":[{"embeddable":true,"href":"https:\/\/william-lambert.com\/index.php?rest_route=\/wp\/v2\/users\/1"}],"replies":[{"embeddable":true,"href":"https:\/\/william-lambert.com\/index.php?rest_route=%2Fwp%2Fv2%2Fcomments&post=226"}],"version-history":[{"count":18,"href":"https:\/\/william-lambert.com\/index.php?rest_route=\/wp\/v2\/pages\/226\/revisions"}],"predecessor-version":[{"id":554,"href":"https:\/\/william-lambert.com\/index.php?rest_route=\/wp\/v2\/pages\/226\/revisions\/554"}],"up":[{"embeddable":true,"href":"https:\/\/william-lambert.com\/index.php?rest_route=\/wp\/v2\/pages\/17"}],"wp:featuredmedia":[{"embeddable":true,"href":"https:\/\/william-lambert.com\/index.php?rest_route=\/wp\/v2\/media\/260"}],"wp:attachment":[{"href":"https:\/\/william-lambert.com\/index.php?rest_route=%2Fwp%2Fv2%2Fmedia&parent=226"}],"curies":[{"name":"wp","href":"https:\/\/api.w.org\/{rel}","templated":true}]}}