{"id":2,"date":"2025-09-10T12:38:37","date_gmt":"2025-09-10T12:38:37","guid":{"rendered":"https:\/\/william-lambert.com\/?page_id=2"},"modified":"2025-11-06T21:02:13","modified_gmt":"2025-11-06T21:02:13","slug":"sample-page","status":"publish","type":"page","link":"https:\/\/william-lambert.com\/?page_id=2","title":{"rendered":"Actualit\u00e9s"},"content":{"rendered":"\n<p class=\"has-large-font-size\">Les JTSE , les 26 et 27 novembre l&rsquo;UDS y organise 2 tables rondes :<\/p>\n\n\n\n<figure class=\"wp-block-embed is-type-wp-embed is-provider-jtse wp-block-embed-jtse\"><div class=\"wp-block-embed__wrapper\">\n<blockquote class=\"wp-embedded-content\" data-secret=\"YjjLBhjse8\"><a href=\"https:\/\/jtse.fr\/event\/pourquoi-la-scenographie-la-lumiere-et-le-costume-sont-ils-si-peu-presents-dans-la-presse\/\">Pourquoi la sc\u00e9nographie, la lumi\u00e8re et le costume sont-ils si peu pr\u00e9sents dans la presse ?<\/a><\/blockquote><iframe loading=\"lazy\" class=\"wp-embedded-content\" sandbox=\"allow-scripts\" security=\"restricted\" style=\"position: absolute; visibility: hidden;\" title=\"\u00ab\u00a0Pourquoi la sc\u00e9nographie, la lumi\u00e8re et le costume sont-ils si peu pr\u00e9sents dans la presse ?\u00a0\u00bb &#8212; JTSE\" src=\"https:\/\/jtse.fr\/event\/pourquoi-la-scenographie-la-lumiere-et-le-costume-sont-ils-si-peu-presents-dans-la-presse\/embed\/#?secret=Fk0WFjRaVv#?secret=YjjLBhjse8\" data-secret=\"YjjLBhjse8\" width=\"500\" height=\"282\" frameborder=\"0\" marginwidth=\"0\" marginheight=\"0\" scrolling=\"no\"><\/iframe>\n<\/div><\/figure>\n\n\n\n<figure class=\"wp-block-embed is-type-wp-embed is-provider-jtse wp-block-embed-jtse\"><div class=\"wp-block-embed__wrapper\">\n<blockquote class=\"wp-embedded-content\" data-secret=\"BgHnb5biwA\"><a href=\"https:\/\/jtse.fr\/event\/le-role-de-loperateur-lumiere-dans-lecriture-dun-spectacle-en-2025\/\">Le r\u00f4le de l&rsquo;op\u00e9rateur lumi\u00e8re dans l\u2019\u00e9criture d\u2019un spectacle en 2025<\/a><\/blockquote><iframe loading=\"lazy\" class=\"wp-embedded-content\" sandbox=\"allow-scripts\" security=\"restricted\" style=\"position: absolute; visibility: hidden;\" title=\"\u00ab\u00a0Le r\u00f4le de l&rsquo;op\u00e9rateur lumi\u00e8re dans l\u2019\u00e9criture d\u2019un spectacle en 2025\u00a0\u00bb &#8212; JTSE\" src=\"https:\/\/jtse.fr\/event\/le-role-de-loperateur-lumiere-dans-lecriture-dun-spectacle-en-2025\/embed\/#?secret=hjmXUM4IBf#?secret=BgHnb5biwA\" data-secret=\"BgHnb5biwA\" width=\"500\" height=\"282\" frameborder=\"0\" marginwidth=\"0\" marginheight=\"0\" scrolling=\"no\"><\/iframe>\n<\/div><\/figure>\n","protected":false},"excerpt":{"rendered":"<p>Les JTSE , les 26 et 27 novembre l&rsquo;UDS y organise 2 tables rondes :<\/p>\n","protected":false},"author":1,"featured_media":0,"parent":0,"menu_order":0,"comment_status":"closed","ping_status":"closed","template":"","meta":{"footnotes":""},"class_list":["post-2","page","type-page","status-publish","hentry"],"_links":{"self":[{"href":"https:\/\/william-lambert.com\/index.php?rest_route=\/wp\/v2\/pages\/2","targetHints":{"allow":["GET"]}}],"collection":[{"href":"https:\/\/william-lambert.com\/index.php?rest_route=\/wp\/v2\/pages"}],"about":[{"href":"https:\/\/william-lambert.com\/index.php?rest_route=\/wp\/v2\/types\/page"}],"author":[{"embeddable":true,"href":"https:\/\/william-lambert.com\/index.php?rest_route=\/wp\/v2\/users\/1"}],"replies":[{"embeddable":true,"href":"https:\/\/william-lambert.com\/index.php?rest_route=%2Fwp%2Fv2%2Fcomments&post=2"}],"version-history":[{"count":3,"href":"https:\/\/william-lambert.com\/index.php?rest_route=\/wp\/v2\/pages\/2\/revisions"}],"predecessor-version":[{"id":231,"href":"https:\/\/william-lambert.com\/index.php?rest_route=\/wp\/v2\/pages\/2\/revisions\/231"}],"wp:attachment":[{"href":"https:\/\/william-lambert.com\/index.php?rest_route=%2Fwp%2Fv2%2Fmedia&parent=2"}],"curies":[{"name":"wp","href":"https:\/\/api.w.org\/{rel}","templated":true}]}}